{"id":162,"date":"2023-10-18T12:13:13","date_gmt":"2023-10-18T12:13:13","guid":{"rendered":"https:\/\/ovalie.wpengine.com\/?page_id=162"},"modified":"2023-10-18T14:04:40","modified_gmt":"2023-10-18T14:04:40","slug":"mentions-legales","status":"publish","type":"page","link":"https:\/\/ovalie-office.com\/en\/mentions-legales\/","title":{"rendered":"Mentions l\u00e9gales"},"content":{"rendered":"<p>Architecte : Roland Castro \/ Castro Denissof Associ\u00e9s<br \/>\nR\u00e9alisation : YAD, Quadrilat\u00e8re, LAFI<br \/>\nImages de synth\u00e8se : ArchiGraphi<br \/>\nCr\u00e9dits photo : Getty Images, Frederic Berthet<\/p>\n<p>Ce site web ne constitue en aucun cas un document contractuel. Les descriptifs, surfaces, illustrations&#8230; ne sont donn\u00e9s qu\u2019\u00e0 titre indicatif. Ils peuvent \u00eatre modifi\u00e9s \u00e0 tout moment et sans pr\u00e9avis. Surfaces arrondies, non contractuelles.<\/p>\n","protected":false},"excerpt":{"rendered":"<p>Architecte : Roland Castro \/ Castro Denissof Associ\u00e9s R\u00e9alisation : YAD, Quadrilat\u00e8re, LAFI Images de synth\u00e8se : ArchiGraphi Cr\u00e9dits photo : Getty Images, Frederic Berthet Ce site web ne constitue en aucun cas un document contractuel. Les descriptifs, surfaces, illustrations&#8230; ne sont donn\u00e9s qu\u2019\u00e0 titre indicatif. Ils peuvent \u00eatre modifi\u00e9s \u00e0 tout moment et sans [&hellip;]<\/p>\n","protected":false},"author":1,"featured_media":0,"parent":0,"menu_order":0,"comment_status":"closed","ping_status":"closed","template":"","meta":{"_acf_changed":false,"footnotes":""},"class_list":["post-162","page","type-page","status-publish","hentry"],"acf":[],"yoast_head":"<!-- This site is optimized with the Yoast SEO plugin v23.7 - https:\/\/yoast.com\/wordpress\/plugins\/seo\/ -->\n<title>Mentions l\u00e9gales - Ovalie<\/title>\n<meta name=\"robots\" content=\"index, follow, max-snippet:-1, max-image-preview:large, max-video-preview:-1\" \/>\n<link rel=\"canonical\" href=\"https:\/\/ovalie-office.com\/en\/mentions-legales\/\" \/>\n<meta property=\"og:locale\" content=\"en_US\" \/>\n<meta property=\"og:type\" content=\"article\" \/>\n<meta property=\"og:title\" content=\"Mentions l\u00e9gales - Ovalie\" \/>\n<meta property=\"og:description\" content=\"Architecte : Roland Castro \/ Castro Denissof Associ\u00e9s R\u00e9alisation : YAD, Quadrilat\u00e8re, LAFI Images de synth\u00e8se : ArchiGraphi Cr\u00e9dits photo : Getty Images, Frederic Berthet Ce site web ne constitue en aucun cas un document contractuel. Les descriptifs, surfaces, illustrations&#8230; ne sont donn\u00e9s qu\u2019\u00e0 titre indicatif. Ils peuvent \u00eatre modifi\u00e9s \u00e0 tout moment et sans [&hellip;]\" \/>\n<meta property=\"og:url\" content=\"https:\/\/ovalie-office.com\/en\/mentions-legales\/\" \/>\n<meta property=\"og:site_name\" content=\"Ovalie\" \/>\n<meta property=\"article:modified_time\" content=\"2023-10-18T14:04:40+00:00\" \/>\n<meta property=\"og:image\" content=\"https:\/\/ovalie-office.com\/wp-content\/uploads\/2023\/11\/Social-Graph.png\" \/>\n\t<meta property=\"og:image:width\" content=\"1200\" \/>\n\t<meta property=\"og:image:height\" content=\"630\" \/>\n\t<meta property=\"og:image:type\" content=\"image\/png\" \/>\n<meta name=\"twitter:card\" content=\"summary_large_image\" \/>\n<script type=\"application\/ld+json\" class=\"yoast-schema-graph\">{\"@context\":\"https:\/\/schema.org\",\"@graph\":[{\"@type\":\"WebPage\",\"@id\":\"https:\/\/ovalie-office.com\/en\/mentions-legales\/\",\"url\":\"https:\/\/ovalie-office.com\/en\/mentions-legales\/\",\"name\":\"Mentions l\u00e9gales - Ovalie\",\"isPartOf\":{\"@id\":\"https:\/\/ovalie-office.com\/en\/#website\"},\"datePublished\":\"2023-10-18T12:13:13+00:00\",\"dateModified\":\"2023-10-18T14:04:40+00:00\",\"breadcrumb\":{\"@id\":\"https:\/\/ovalie-office.com\/en\/mentions-legales\/#breadcrumb\"},\"inLanguage\":\"en-US\",\"potentialAction\":[{\"@type\":\"ReadAction\",\"target\":[\"https:\/\/ovalie-office.com\/en\/mentions-legales\/\"]}]},{\"@type\":\"BreadcrumbList\",\"@id\":\"https:\/\/ovalie-office.com\/en\/mentions-legales\/#breadcrumb\",\"itemListElement\":[{\"@type\":\"ListItem\",\"position\":1,\"name\":\"Home\",\"item\":\"https:\/\/ovalie-office.com\/en\/\"},{\"@type\":\"ListItem\",\"position\":2,\"name\":\"Mentions l\u00e9gales\"}]},{\"@type\":\"WebSite\",\"@id\":\"https:\/\/ovalie-office.com\/en\/#website\",\"url\":\"https:\/\/ovalie-office.com\/en\/\",\"name\":\"Ovalie\",\"description\":\"\",\"potentialAction\":[{\"@type\":\"SearchAction\",\"target\":{\"@type\":\"EntryPoint\",\"urlTemplate\":\"https:\/\/ovalie-office.com\/en\/?s={search_term_string}\"},\"query-input\":{\"@type\":\"PropertyValueSpecification\",\"valueRequired\":true,\"valueName\":\"search_term_string\"}}],\"inLanguage\":\"en-US\"}]}<\/script>\n<!-- \/ Yoast SEO plugin. -->","yoast_head_json":{"title":"Mentions l\u00e9gales - Ovalie","robots":{"index":"index","follow":"follow","max-snippet":"max-snippet:-1","max-image-preview":"max-image-preview:large","max-video-preview":"max-video-preview:-1"},"canonical":"https:\/\/ovalie-office.com\/en\/mentions-legales\/","og_locale":"en_US","og_type":"article","og_title":"Mentions l\u00e9gales - Ovalie","og_description":"Architecte : Roland Castro \/ Castro Denissof Associ\u00e9s R\u00e9alisation : YAD, Quadrilat\u00e8re, LAFI Images de synth\u00e8se : ArchiGraphi Cr\u00e9dits photo : Getty Images, Frederic Berthet Ce site web ne constitue en aucun cas un document contractuel. Les descriptifs, surfaces, illustrations&#8230; ne sont donn\u00e9s qu\u2019\u00e0 titre indicatif. Ils peuvent \u00eatre modifi\u00e9s \u00e0 tout moment et sans [&hellip;]","og_url":"https:\/\/ovalie-office.com\/en\/mentions-legales\/","og_site_name":"Ovalie","article_modified_time":"2023-10-18T14:04:40+00:00","og_image":[{"width":1200,"height":630,"url":"https:\/\/ovalie-office.com\/wp-content\/uploads\/2023\/11\/Social-Graph.png","type":"image\/png"}],"twitter_card":"summary_large_image","schema":{"@context":"https:\/\/schema.org","@graph":[{"@type":"WebPage","@id":"https:\/\/ovalie-office.com\/en\/mentions-legales\/","url":"https:\/\/ovalie-office.com\/en\/mentions-legales\/","name":"Mentions l\u00e9gales - Ovalie","isPartOf":{"@id":"https:\/\/ovalie-office.com\/en\/#website"},"datePublished":"2023-10-18T12:13:13+00:00","dateModified":"2023-10-18T14:04:40+00:00","breadcrumb":{"@id":"https:\/\/ovalie-office.com\/en\/mentions-legales\/#breadcrumb"},"inLanguage":"en-US","potentialAction":[{"@type":"ReadAction","target":["https:\/\/ovalie-office.com\/en\/mentions-legales\/"]}]},{"@type":"BreadcrumbList","@id":"https:\/\/ovalie-office.com\/en\/mentions-legales\/#breadcrumb","itemListElement":[{"@type":"ListItem","position":1,"name":"Home","item":"https:\/\/ovalie-office.com\/en\/"},{"@type":"ListItem","position":2,"name":"Mentions l\u00e9gales"}]},{"@type":"WebSite","@id":"https:\/\/ovalie-office.com\/en\/#website","url":"https:\/\/ovalie-office.com\/en\/","name":"Ovalie","description":"","potentialAction":[{"@type":"SearchAction","target":{"@type":"EntryPoint","urlTemplate":"https:\/\/ovalie-office.com\/en\/?s={search_term_string}"},"query-input":{"@type":"PropertyValueSpecification","valueRequired":true,"valueName":"search_term_string"}}],"inLanguage":"en-US"}]}},"_links":{"self":[{"href":"https:\/\/ovalie-office.com\/en\/wp-json\/wp\/v2\/pages\/162","targetHints":{"allow":["GET"]}}],"collection":[{"href":"https:\/\/ovalie-office.com\/en\/wp-json\/wp\/v2\/pages"}],"about":[{"href":"https:\/\/ovalie-office.com\/en\/wp-json\/wp\/v2\/types\/page"}],"author":[{"embeddable":true,"href":"https:\/\/ovalie-office.com\/en\/wp-json\/wp\/v2\/users\/1"}],"replies":[{"embeddable":true,"href":"https:\/\/ovalie-office.com\/en\/wp-json\/wp\/v2\/comments?post=162"}],"version-history":[{"count":0,"href":"https:\/\/ovalie-office.com\/en\/wp-json\/wp\/v2\/pages\/162\/revisions"}],"wp:attachment":[{"href":"https:\/\/ovalie-office.com\/en\/wp-json\/wp\/v2\/media?parent=162"}],"curies":[{"name":"wp","href":"https:\/\/api.w.org\/{rel}","templated":true}]}}